{"id":474,"date":"2021-01-15T13:10:44","date_gmt":"2021-01-15T13:10:44","guid":{"rendered":"http:\/\/www.hahns-services.dk\/?page_id=474"},"modified":"2021-01-15T13:10:44","modified_gmt":"2021-01-15T13:10:44","slug":"din-vinduespudser-er-lukket","status":"publish","type":"page","link":"https:\/\/www.hahns-services.dk\/","title":{"rendered":"Din vinduespudser er lukket"},"content":{"rendered":"<p><span style=\"font-size: 18pt;\">Ved sp\u00f8rgsm\u00e5l kontakt os p\u00e5 3088 2838<\/span><\/p>\n<p>&nbsp;<\/p>\n<p>&nbsp;<\/p>\n","protected":false},"excerpt":{"rendered":"<p>Ved sp\u00f8rgsm\u00e5l kontakt os p\u00e5 3088 2838 &nbsp; &nbsp;<\/p>\n","protected":false},"author":1,"featured_media":0,"parent":0,"menu_order":0,"comment_status":"closed","ping_status":"closed","template":"","meta":[],"_links":{"self":[{"href":"https:\/\/www.hahns-services.dk\/index.php?rest_route=\/wp\/v2\/pages\/474"}],"collection":[{"href":"https:\/\/www.hahns-services.dk\/index.php?rest_route=\/wp\/v2\/pages"}],"about":[{"href":"https:\/\/www.hahns-services.dk\/index.php?rest_route=\/wp\/v2\/types\/page"}],"author":[{"embeddable":true,"href":"https:\/\/www.hahns-services.dk\/index.php?rest_route=\/wp\/v2\/users\/1"}],"replies":[{"embeddable":true,"href":"https:\/\/www.hahns-services.dk\/index.php?rest_route=%2Fwp%2Fv2%2Fcomments&post=474"}],"version-history":[{"count":1,"href":"https:\/\/www.hahns-services.dk\/index.php?rest_route=\/wp\/v2\/pages\/474\/revisions"}],"predecessor-version":[{"id":475,"href":"https:\/\/www.hahns-services.dk\/index.php?rest_route=\/wp\/v2\/pages\/474\/revisions\/475"}],"wp:attachment":[{"href":"https:\/\/www.hahns-services.dk\/index.php?rest_route=%2Fwp%2Fv2%2Fmedia&parent=474"}],"curies":[{"name":"wp","href":"https:\/\/api.w.org\/{rel}","templated":true}]}}